{"id":6,"date":"2025-09-19T16:02:44","date_gmt":"2025-09-19T14:02:44","guid":{"rendered":"https:\/\/brittany.theelthub.com\/?page_id=6"},"modified":"2025-12-29T14:12:22","modified_gmt":"2025-12-29T13:12:22","slug":"elt-brittany","status":"publish","type":"page","link":"https:\/\/brittany.theelthub.com\/fr\/","title":{"rendered":"The ELT Hub Bretagne"},"content":{"rendered":"<div class=\"wp-block-group carousel-head-pages has-global-padding is-layout-constrained wp-container-core-group-is-layout-8dd13e6d wp-block-group-is-layout-constrained\" style=\"padding-right:var(--wp--preset--spacing--60);padding-left:var(--wp--preset--spacing--60)\">\n<div class=\"wp-block-gutsliders-photo-carousel gutslider-3aaa040b nav_outside nav_cc has__pagination\" data-swiper-options=\"{&quot;slidesPerView&quot;:1,&quot;spaceBetween&quot;:0,&quot;loop&quot;:true,&quot;autoplay&quot;:{&quot;delay&quot;:1000,&quot;pauseOnMouseEnter&quot;:true,&quot;stopOnLastSlide&quot;:false,&quot;reverseDirection&quot;:false},&quot;speed&quot;:800,&quot;effect&quot;:&quot;slide&quot;,&quot;keyboard&quot;:{&quot;enabled&quot;:false},&quot;mousewheel&quot;:false,&quot;breakpoints&quot;:{&quot;320&quot;:{&quot;slidesPerView&quot;:1,&quot;spaceBetween&quot;:0},&quot;768&quot;:{&quot;slidesPerView&quot;:2,&quot;spaceBetween&quot;:15},&quot;1025&quot;:{&quot;slidesPerView&quot;:&quot;1&quot;,&quot;spaceBetween&quot;:15}},&quot;navigation&quot;:{&quot;nextEl&quot;:&quot;.gutslider-3aaa040b .swiper-button-next&quot;,&quot;prevEl&quot;:&quot;.gutslider-3aaa040b .swiper-button-prev&quot;},&quot;pagination&quot;:{&quot;el&quot;:&quot;.gutslider-3aaa040b .swiper-pagination&quot;,&quot;type&quot;:&quot;bullets&quot;,&quot;dynamicBullets&quot;:false,&quot;clickable&quot;:true}}\"><div class=\"swiper\"><div class=\"swiper-wrapper\"><div class=\"swiper-slide\"><div class=\"swiper-container-outer none\"><img decoding=\"async\" src=\"http:\/\/brittany.theelthub.com\/wp-content\/uploads\/sites\/3\/2025\/09\/brittany-featured14.jpg\" alt=\"Bretagne pr\u00e9sentation\"\/><\/div><\/div><div class=\"swiper-slide\"><div class=\"swiper-container-outer none\"><img decoding=\"async\" src=\"http:\/\/brittany.theelthub.com\/wp-content\/uploads\/sites\/3\/2025\/09\/brittany-featured13.jpg\" alt=\"Bretagne pr\u00e9sentation\"\/><\/div><\/div><div class=\"swiper-slide\"><div class=\"swiper-container-outer none\"><img decoding=\"async\" src=\"http:\/\/brittany.theelthub.com\/wp-content\/uploads\/sites\/3\/2025\/09\/brittany-featured12.jpg\" alt=\"Bretagne pr\u00e9sentation\"\/><\/div><\/div><div class=\"swiper-slide\"><div class=\"swiper-container-outer none\"><img decoding=\"async\" src=\"http:\/\/brittany.theelthub.com\/wp-content\/uploads\/sites\/3\/2025\/09\/brittany-featured11.jpg\" alt=\"Bretagne pr\u00e9sentation\"\/><\/div><\/div><div class=\"swiper-slide\"><div class=\"swiper-container-outer none\"><img decoding=\"async\" src=\"http:\/\/brittany.theelthub.com\/wp-content\/uploads\/sites\/3\/2025\/09\/brittany-featured8.jpg\" alt=\"Bretagne pr\u00e9sentation\"\/><\/div><\/div><div class=\"swiper-slide\"><div class=\"swiper-container-outer none\"><img decoding=\"async\" src=\"http:\/\/brittany.theelthub.com\/wp-content\/uploads\/sites\/3\/2025\/09\/brittany-featured10.jpg\" alt=\"Bretagne pr\u00e9sentation\"\/><\/div><\/div><div class=\"swiper-slide\"><div class=\"swiper-container-outer none\"><img decoding=\"async\" src=\"http:\/\/brittany.theelthub.com\/wp-content\/uploads\/sites\/3\/2025\/09\/brittany-featured9.jpg\" alt=\"Bretagne pr\u00e9sentation\"\/><\/div><\/div><div class=\"swiper-slide\"><div class=\"swiper-container-outer none\"><img decoding=\"async\" src=\"http:\/\/brittany.theelthub.com\/wp-content\/uploads\/sites\/3\/2025\/09\/brittany-featured7.jpg\" alt=\"Bretagne pr\u00e9sentation\"\/><\/div><\/div><div class=\"swiper-slide\"><div class=\"swiper-container-outer none\"><img decoding=\"async\" src=\"http:\/\/brittany.theelthub.com\/wp-content\/uploads\/sites\/3\/2025\/09\/brittany-featured6.jpg\" alt=\"Bretagne pr\u00e9sentation\"\/><\/div><\/div><div class=\"swiper-slide\"><div class=\"swiper-container-outer none\"><img decoding=\"async\" src=\"http:\/\/brittany.theelthub.com\/wp-content\/uploads\/sites\/3\/2025\/09\/brittany-featured5.jpg\" alt=\"Bretagne pr\u00e9sentation\"\/><\/div><\/div><div class=\"swiper-slide\"><div class=\"swiper-container-outer none\"><img decoding=\"async\" src=\"http:\/\/brittany.theelthub.com\/wp-content\/uploads\/sites\/3\/2025\/09\/brittany-featured4.jpg\" alt=\"Bretagne pr\u00e9sentation\"\/><\/div><\/div><div class=\"swiper-slide\"><div class=\"swiper-container-outer none\"><img decoding=\"async\" src=\"http:\/\/brittany.theelthub.com\/wp-content\/uploads\/sites\/3\/2025\/09\/brittany-featured3.jpg\" alt=\"Bretagne pr\u00e9sentation\"\/><\/div><\/div><div class=\"swiper-slide\"><div class=\"swiper-container-outer none\"><img decoding=\"async\" src=\"http:\/\/brittany.theelthub.com\/wp-content\/uploads\/sites\/3\/2025\/09\/brittany-featured2.jpg\" alt=\"Bretagne pr\u00e9sentation\"\/><\/div><\/div><div class=\"swiper-slide\"><div class=\"swiper-container-outer none\"><img decoding=\"async\" src=\"http:\/\/brittany.theelthub.com\/wp-content\/uploads\/sites\/3\/2025\/09\/brittany-featured1.jpg\" alt=\"Bretagne pr\u00e9sentation\"\/><\/div><\/div><div class=\"swiper-slide\"><div class=\"swiper-container-outer none\"><img decoding=\"async\" src=\"http:\/\/brittany.theelthub.com\/wp-content\/uploads\/sites\/3\/2025\/09\/brittany-featured16.jpg\" alt=\"Bretagne pr\u00e9sentation\"\/><\/div><\/div><div class=\"swiper-slide\"><div class=\"swiper-container-outer none\"><img decoding=\"async\" src=\"http:\/\/brittany.theelthub.com\/wp-content\/uploads\/sites\/3\/2025\/09\/brittany-featured20.jpg\" alt=\"Bretagne pr\u00e9sentation\"\/><\/div><\/div><div class=\"swiper-slide\"><div class=\"swiper-container-outer none\"><img decoding=\"async\" src=\"http:\/\/brittany.theelthub.com\/wp-content\/uploads\/sites\/3\/2025\/09\/brittany-featured19.jpg\" alt=\"Bretagne pr\u00e9sentation\"\/><\/div><\/div><div class=\"swiper-slide\"><div class=\"swiper-container-outer none\"><img decoding=\"async\" src=\"http:\/\/brittany.theelthub.com\/wp-content\/uploads\/sites\/3\/2025\/09\/brittany-featured18.jpg\" alt=\"Bretagne pr\u00e9sentation\"\/><\/div><\/div><div class=\"swiper-slide\"><div class=\"swiper-container-outer none\"><img decoding=\"async\" src=\"http:\/\/brittany.theelthub.com\/wp-content\/uploads\/sites\/3\/2025\/09\/brittany-featured17.jpg\" alt=\"Bretagne pr\u00e9sentation\"\/><\/div><\/div><div class=\"swiper-slide\"><div class=\"swiper-container-outer none\"><img decoding=\"async\" src=\"http:\/\/brittany.theelthub.com\/wp-content\/uploads\/sites\/3\/2025\/09\/brittany-featured15.jpg\" alt=\"Bretagne pr\u00e9sentation\"\/><\/div><\/div><\/div><\/div><div class=\"swiper-pagination\"><\/div><div class=\"gutslider-nav nav_outside nav_cc\"><div class=\"swiper-button-prev\"><\/div><div class=\"swiper-button-next\"><\/div><\/div><\/div>\n<\/div>\n\n\n\n<h1 class=\"wp-block-heading has-text-align-center\" style=\"margin-top:var(--wp--preset--spacing--60);margin-bottom:var(--wp--preset--spacing--50)\">The ELT Hub Bretagne<\/h1>\n\n\n\n<p>Venez faire l\u2019exp\u00e9rience d\u2019un CELTA en bord de mer, en Bretagne, pour un moindre niveau de stress. Notre nouveau centre en France, situ\u00e9 dans la belle ville de Landerneau, au bord du fleuve Elorn et non loin de la rade de Brest, nous permet de proposer une toute nouvelle approche du CELTA. Au lieu des quatre semaines de cours intensifs, nous pr\u00e9f\u00e9rons ici \u00e9taler la formation sur cinq semaines, incluant de longs weekends et l\u2019opportunit\u00e9 de profiter des paysages magnifiques de la Bretagne et de sa culture fascinante. Nous pensons que ces temps de pause vous aideront \u00e0 adopter une approche plus d\u00e9tendue de votre CELTA, et vous aurez aussi plus de temps pour r\u00e9diger vos devoirs et planifier vos le\u00e7ons. Au bout du compte, vous serez simplement beaucoup moins stress\u00e9s. N\u2019h\u00e9sitez pas \u00e0 consulter les t\u00e9moignages des candidats qui ont pass\u00e9 leur CELTA en Bretagne.<\/p>\n\n\n\n<p>En terme de logement, nous pouvons vous proposer une place dans une maison Bretonne traditionnelle \u00e0 quelques pas de notre centre. Nous souhaitons que votre s\u00e9jour soit aussi authentique que possible. Nous profiterons aussi des longs weekends pour visiter la presqu\u2019\u00eele de Crozon ou prendre le bateau vers l\u2019\u00eele d\u2019Ouessant. Nous ferons de longues promenades sur les sentiers du bord de mer et passerons nos samedis soirs dans des pubs bretons pour manger cr\u00eapes et fruits de mer, et go\u00fbter aux nombreuses bi\u00e8res brass\u00e9es dans les environs.<\/p>","protected":false},"excerpt":{"rendered":"<p>The ELT Hub Bretagne Come experience a CELTA course by the sea in Brittany, for a more relaxed learning environment. Our new center in France, located in the charming town of Landerneau, on the banks of the Elorn River and close to the Bay of Brest, allows us to offer a completely new approach to [&hellip;]<\/p>\n","protected":false},"author":1,"featured_media":0,"parent":0,"menu_order":0,"comment_status":"closed","ping_status":"closed","template":"template-page_no_title","meta":{"footnotes":""},"class_list":["post-6","page","type-page","status-publish","hentry"],"_links":{"self":[{"href":"https:\/\/brittany.theelthub.com\/fr\/wp-json\/wp\/v2\/pages\/6","targetHints":{"allow":["GET"]}}],"collection":[{"href":"https:\/\/brittany.theelthub.com\/fr\/wp-json\/wp\/v2\/pages"}],"about":[{"href":"https:\/\/brittany.theelthub.com\/fr\/wp-json\/wp\/v2\/types\/page"}],"author":[{"embeddable":true,"href":"https:\/\/brittany.theelthub.com\/fr\/wp-json\/wp\/v2\/users\/1"}],"replies":[{"embeddable":true,"href":"https:\/\/brittany.theelthub.com\/fr\/wp-json\/wp\/v2\/comments?post=6"}],"version-history":[{"count":17,"href":"https:\/\/brittany.theelthub.com\/fr\/wp-json\/wp\/v2\/pages\/6\/revisions"}],"predecessor-version":[{"id":207,"href":"https:\/\/brittany.theelthub.com\/fr\/wp-json\/wp\/v2\/pages\/6\/revisions\/207"}],"wp:attachment":[{"href":"https:\/\/brittany.theelthub.com\/fr\/wp-json\/wp\/v2\/media?parent=6"}],"curies":[{"name":"wp","href":"https:\/\/api.w.org\/{rel}","templated":true}]}}