{"id":23,"date":"2025-09-19T16:23:19","date_gmt":"2025-09-19T14:23:19","guid":{"rendered":"https:\/\/brittany.theelthub.com\/?page_id=23"},"modified":"2025-12-29T14:21:05","modified_gmt":"2025-12-29T13:21:05","slug":"la-region","status":"publish","type":"page","link":"https:\/\/brittany.theelthub.com\/fr\/la-region\/","title":{"rendered":"La R\u00e9gion"},"content":{"rendered":"<div class=\"wp-block-group carousel-head-pages has-global-padding is-layout-constrained wp-container-core-group-is-layout-caa2d89a wp-block-group-is-layout-constrained\" style=\"padding-right:var(--wp--preset--spacing--80);padding-left:var(--wp--preset--spacing--80)\">\n<div class=\"wp-block-gutsliders-photo-carousel gutslider-525144ea nav_outside nav_cc has__pagination\" data-swiper-options=\"{&quot;slidesPerView&quot;:1,&quot;spaceBetween&quot;:0,&quot;loop&quot;:true,&quot;autoplay&quot;:{&quot;delay&quot;:1000,&quot;pauseOnMouseEnter&quot;:true,&quot;stopOnLastSlide&quot;:false,&quot;reverseDirection&quot;:false},&quot;speed&quot;:800,&quot;effect&quot;:&quot;slide&quot;,&quot;keyboard&quot;:{&quot;enabled&quot;:false},&quot;mousewheel&quot;:false,&quot;breakpoints&quot;:{&quot;320&quot;:{&quot;slidesPerView&quot;:1,&quot;spaceBetween&quot;:0},&quot;768&quot;:{&quot;slidesPerView&quot;:2,&quot;spaceBetween&quot;:15},&quot;1025&quot;:{&quot;slidesPerView&quot;:&quot;1&quot;,&quot;spaceBetween&quot;:15}},&quot;navigation&quot;:{&quot;nextEl&quot;:&quot;.gutslider-525144ea .swiper-button-next&quot;,&quot;prevEl&quot;:&quot;.gutslider-525144ea .swiper-button-prev&quot;},&quot;pagination&quot;:{&quot;el&quot;:&quot;.gutslider-525144ea .swiper-pagination&quot;,&quot;type&quot;:&quot;bullets&quot;,&quot;dynamicBullets&quot;:false,&quot;clickable&quot;:true}}\"><div class=\"swiper\"><div class=\"swiper-wrapper\"><div class=\"swiper-slide\"><div class=\"swiper-container-outer none\"><img decoding=\"async\" src=\"http:\/\/brittany.theelthub.com\/wp-content\/uploads\/sites\/3\/2025\/09\/goingout5.jpg\" alt=\"La r\u00e9gion de Bretagne\"\/><\/div><\/div><div class=\"swiper-slide\"><div class=\"swiper-container-outer none\"><img decoding=\"async\" src=\"http:\/\/brittany.theelthub.com\/wp-content\/uploads\/sites\/3\/2025\/09\/goingout1.jpg\" alt=\"La r\u00e9gion de Bretagne\"\/><\/div><\/div><div class=\"swiper-slide\"><div class=\"swiper-container-outer none\"><img decoding=\"async\" src=\"http:\/\/brittany.theelthub.com\/wp-content\/uploads\/sites\/3\/2025\/09\/goingout3.jpg\" alt=\"La r\u00e9gion de Bretagne\"\/><\/div><\/div><div class=\"swiper-slide\"><div class=\"swiper-container-outer none\"><img decoding=\"async\" src=\"http:\/\/brittany.theelthub.com\/wp-content\/uploads\/sites\/3\/2025\/09\/goingout4.jpg\" alt=\"La r\u00e9gion de Bretagne\"\/><\/div><\/div><div class=\"swiper-slide\"><div class=\"swiper-container-outer none\"><img decoding=\"async\" src=\"http:\/\/brittany.theelthub.com\/wp-content\/uploads\/sites\/3\/2025\/09\/goingout2.jpg\" alt=\"La r\u00e9gion de Bretagne\"\/><\/div><\/div><\/div><\/div><div class=\"swiper-pagination\"><\/div><div class=\"gutslider-nav nav_outside nav_cc\"><div class=\"swiper-button-prev\"><\/div><div class=\"swiper-button-next\"><\/div><\/div><\/div>\n<\/div>\n\n\n\n<h1 class=\"wp-block-heading has-text-align-center\" style=\"margin-top:var(--wp--preset--spacing--60);margin-bottom:var(--wp--preset--spacing--50)\">La R\u00e9gion<\/h1>\n\n\n\n<h2 class=\"wp-block-heading\">Partir en mer<\/h2>\n\n\n\n<p>Pour d\u00e9couvrir la vie en mer, embarquez \u00e0 bord d\u2019un voilier traditionnel, souvent aper\u00e7u dans l\u2019estuaire de Brest. Participez \u00e0 une excursion en bateau de p\u00eache \u00e0 la recherche de thon. Et si vous aimez prendre les commandes, laissez-vous tenter par l\u2019une des nombreuses activit\u00e9s nautiques propos\u00e9es dans le Finist\u00e8re.<\/p>\n\n\n\n<p>L\u2019estuaire de Brest est l\u2019un des plus beaux d\u2019Europe. La presqu\u2019\u00eele de Crozon, en particulier, est d\u2019une beaut\u00e9 exceptionnelle. Avec ses landes de bruy\u00e8res et de foug\u00e8res qui m\u00e8nent aux falaises surplombant la mer \u00e9meraude, elle incarne parfaitement la beaut\u00e9 sauvage de la nature bretonne.<\/p>\n\n\n\n<p>Envie d\u2019une balade en mer ou d\u2019une promenade le long du littoral ? Pour les amateurs de baignade, de nombreuses plages vous attendent, un vrai r\u00e9gal ! Et pourquoi ne pas profiter ensuite d\u2019un moment de d\u00e9tente dans l\u2019un des nombreux caf\u00e9s ou restaurants qui bordent la c\u00f4te ? Les ports de Tinduff, Petit Minou et Plougastel vous accueillent avec plaisir\u2026<\/p>\n\n\n\n<div style=\"height:25px\" aria-hidden=\"true\" class=\"wp-block-spacer\"><\/div>\n\n\n\n<div class=\"wp-block-columns is-layout-flex wp-container-core-columns-is-layout-28f84493 wp-block-columns-is-layout-flex\">\n<div class=\"wp-block-column is-layout-flow wp-block-column-is-layout-flow\">\n<div data-wp-interactive=\"core\/file\" class=\"wp-block-file\"><object data-wp-bind--hidden=\"!state.hasPdfPreview\" hidden class=\"wp-block-file__embed\" data=\"http:\/\/brittany.theelthub.com\/wp-content\/uploads\/sites\/3\/2025\/09\/Trip-Batz.pdf\" type=\"application\/pdf\" style=\"width:100%;height:241px\" aria-label=\"Contenu embarqu\u00e9 Trip-Batz.\"><\/object><a id=\"wp-block-file--media-7a38fe55-a0f0-41f7-aaea-a8791f4a40be\" href=\"http:\/\/brittany.theelthub.com\/wp-content\/uploads\/sites\/3\/2025\/09\/Trip-Batz.pdf\">Trip-Batz<\/a><a href=\"http:\/\/brittany.theelthub.com\/wp-content\/uploads\/sites\/3\/2025\/09\/Trip-Batz.pdf\" class=\"wp-block-file__button wp-element-button\" download aria-describedby=\"wp-block-file--media-7a38fe55-a0f0-41f7-aaea-a8791f4a40be\">T\u00e9l\u00e9charger<\/a><\/div>\n<\/div>\n\n\n\n<div class=\"wp-block-column is-layout-flow wp-block-column-is-layout-flow\">\n<div data-wp-interactive=\"core\/file\" class=\"wp-block-file\"><object data-wp-bind--hidden=\"!state.hasPdfPreview\" hidden class=\"wp-block-file__embed\" data=\"http:\/\/brittany.theelthub.com\/wp-content\/uploads\/sites\/3\/2025\/09\/Trip-Ouessant.pdf\" type=\"application\/pdf\" style=\"width:100%;height:241px\" aria-label=\"Contenu embarqu\u00e9 Trip-Ouessant.\"><\/object><a id=\"wp-block-file--media-4bf14ad7-b540-4f79-8dc4-d7e7408be8af\" href=\"http:\/\/brittany.theelthub.com\/wp-content\/uploads\/sites\/3\/2025\/09\/Trip-Ouessant.pdf\">Trip-Ouessant<\/a><a href=\"http:\/\/brittany.theelthub.com\/wp-content\/uploads\/sites\/3\/2025\/09\/Trip-Ouessant.pdf\" class=\"wp-block-file__button wp-element-button\" download aria-describedby=\"wp-block-file--media-4bf14ad7-b540-4f79-8dc4-d7e7408be8af\">T\u00e9l\u00e9charger<\/a><\/div>\n<\/div>\n<\/div>\n\n\n\n<div style=\"height:25px\" aria-hidden=\"true\" class=\"wp-block-spacer\"><\/div>\n\n\n\n<figure class=\"wp-block-image size-full\"><img loading=\"lazy\" decoding=\"async\" width=\"653\" height=\"292\" src=\"http:\/\/brittany.theelthub.com\/wp-content\/uploads\/sites\/3\/2025\/09\/country2.jpg\" alt=\"\" class=\"wp-image-50\" srcset=\"https:\/\/brittany.theelthub.com\/wp-content\/uploads\/sites\/3\/2025\/09\/country2.jpg 653w, https:\/\/brittany.theelthub.com\/wp-content\/uploads\/sites\/3\/2025\/09\/country2-300x134.jpg 300w, https:\/\/brittany.theelthub.com\/wp-content\/uploads\/sites\/3\/2025\/09\/country2-18x8.jpg 18w\" sizes=\"auto, (max-width: 653px) 100vw, 653px\" \/><\/figure>\n\n\n\n<div style=\"height:25px\" aria-hidden=\"true\" class=\"wp-block-spacer\"><\/div>\n\n\n\n<h2 class=\"wp-block-heading\">Promenades en pleine nature autour de Brest<\/h2>\n\n\n\n<p>La r\u00e9gion de Brest b\u00e9n\u00e9ficie d\u2019un climat oc\u00e9anique doux qui favorise une grande diversit\u00e9 de plantes et de fleurs. Les amoureux de la nature seront combl\u00e9s par les balades le long des sentiers c\u00f4tiers, offrant de superbes panoramas sur les nombreux promontoires naturels de ce littoral. On compte 24 itin\u00e9raires de randonn\u00e9e dans les environs de Brest, allant de 2 \u00e0 28 km. Il y en a pour tous les go\u00fbts.<\/p>\n\n\n\n<figure class=\"wp-block-image size-full\"><img loading=\"lazy\" decoding=\"async\" width=\"653\" height=\"292\" src=\"http:\/\/brittany.theelthub.com\/wp-content\/uploads\/sites\/3\/2025\/09\/history1.jpg\" alt=\"L'Histoire de Bretagne\" class=\"wp-image-45\" srcset=\"https:\/\/brittany.theelthub.com\/wp-content\/uploads\/sites\/3\/2025\/09\/history1.jpg 653w, https:\/\/brittany.theelthub.com\/wp-content\/uploads\/sites\/3\/2025\/09\/history1-300x134.jpg 300w, https:\/\/brittany.theelthub.com\/wp-content\/uploads\/sites\/3\/2025\/09\/history1-18x8.jpg 18w\" sizes=\"auto, (max-width: 653px) 100vw, 653px\" \/><\/figure>\n\n\n\n<div style=\"height:25px\" aria-hidden=\"true\" class=\"wp-block-spacer\"><\/div>\n\n\n\n<h2 class=\"wp-block-heading\">L\u2019histoire de Brest<\/h2>\n\n\n\n<p>Pour les amateurs d\u2019histoire, Brest est un v\u00e9ritable tr\u00e9sor, car le temps a laiss\u00e9 son empreinte dans chaque recoin de la ville. Des fortifications de Vauban aux destructions de la Seconde Guerre mondiale, chaque b\u00e2timent t\u00e9moigne de l\u2019\u00e9rosion du temps.<\/p>\n\n\n\n<p>Le ch\u00e2teau de Brest, construit au IIIe si\u00e8cle, abrite aujourd\u2019hui le mus\u00e9e national de la Marine et retrace l\u2019histoire maritime de la ville.<\/p>\n\n\n\n<p>En 1631, le puissant cardinal de Richelieu ordonna la construction de l\u2019arsenal de Brest, installation militaire et navale. Sur ce tableau de Nicolas van Blarenberghe, on peut voir des navires en chargement \u00e0 l\u2019arsenal, pr\u00eats \u00e0 partir combattre lors de la guerre de S\u00e9cession aux c\u00f4t\u00e9s des R\u00e9publicains.<\/p>\n\n\n\n<p>Pendant la Seconde Guerre mondiale, Brest fut le th\u00e9\u00e2tre d\u2019un si\u00e8ge acharn\u00e9 lors de l\u2019avanc\u00e9e des Alli\u00e9s depuis les plages de Normandie. On peut encore visiter aujourd\u2019hui le c\u00e9l\u00e8bre abri Sadi-Carnot, o\u00f9 des centaines de personnes p\u00e9rirent tragiquement lors d\u2019une explosion accidentelle.<\/p>\n\n\n\n<p>Aujourd\u2019hui, Brest est le deuxi\u00e8me port militaire de France. Rebaptis\u00e9e \u00ab Brest M\u00e9tropole Oc\u00e9ane \u00bb, la ville poursuit son d\u00e9veloppement \u00e9conomique, \u00e9troitement li\u00e9 \u00e0 la mer et \u00e0 son riche pass\u00e9 maritime.<\/p>\n\n\n\n<figure class=\"wp-block-embed is-type-video is-provider-youtube wp-block-embed-youtube wp-embed-aspect-16-9 wp-has-aspect-ratio\"><div class=\"wp-block-embed__wrapper\">\n<iframe loading=\"lazy\" title=\"Musical tour of Brittany\" width=\"500\" height=\"281\" src=\"https:\/\/www.youtube.com\/embed\/8LnPSwdBmGY?feature=oembed\" frameborder=\"0\" allow=\"accelerometer; autoplay; clipboard-write; encrypted-media; gyroscope; picture-in-picture; web-share\" referrerpolicy=\"strict-origin-when-cross-origin\" allowfullscreen><\/iframe>\n<\/div><\/figure>","protected":false},"excerpt":{"rendered":"<p>The Region Going out to sea To get a taste of life at sea, come aboard one of the traditional sailing boats often seen in the Brest estuary. Go on a trip on a fishing boat in search of tuna. Or if you\u2019re someone who likes to take the helm then let yourself be tempted [&hellip;]<\/p>\n","protected":false},"author":1,"featured_media":0,"parent":0,"menu_order":0,"comment_status":"closed","ping_status":"closed","template":"template-page_no_title","meta":{"footnotes":""},"class_list":["post-23","page","type-page","status-publish","hentry"],"_links":{"self":[{"href":"https:\/\/brittany.theelthub.com\/fr\/wp-json\/wp\/v2\/pages\/23","targetHints":{"allow":["GET"]}}],"collection":[{"href":"https:\/\/brittany.theelthub.com\/fr\/wp-json\/wp\/v2\/pages"}],"about":[{"href":"https:\/\/brittany.theelthub.com\/fr\/wp-json\/wp\/v2\/types\/page"}],"author":[{"embeddable":true,"href":"https:\/\/brittany.theelthub.com\/fr\/wp-json\/wp\/v2\/users\/1"}],"replies":[{"embeddable":true,"href":"https:\/\/brittany.theelthub.com\/fr\/wp-json\/wp\/v2\/comments?post=23"}],"version-history":[{"count":10,"href":"https:\/\/brittany.theelthub.com\/fr\/wp-json\/wp\/v2\/pages\/23\/revisions"}],"predecessor-version":[{"id":211,"href":"https:\/\/brittany.theelthub.com\/fr\/wp-json\/wp\/v2\/pages\/23\/revisions\/211"}],"wp:attachment":[{"href":"https:\/\/brittany.theelthub.com\/fr\/wp-json\/wp\/v2\/media?parent=23"}],"curies":[{"name":"wp","href":"https:\/\/api.w.org\/{rel}","templated":true}]}}