{"id":17,"date":"2025-09-19T16:15:05","date_gmt":"2025-09-19T14:15:05","guid":{"rendered":"https:\/\/brittany.theelthub.com\/?page_id=17"},"modified":"2025-12-29T14:16:56","modified_gmt":"2025-12-29T13:16:56","slug":"hebergement","status":"publish","type":"page","link":"https:\/\/brittany.theelthub.com\/fr\/hebergement\/","title":{"rendered":"H\u00e9bergement"},"content":{"rendered":"<h1 class=\"wp-block-heading\">H\u00e9bergements<\/h1>\n\n\n\n<p>Pour votre s\u00e9jour en Bretagne, nous vous proposons un large choix de logements, allant des maisons de caract\u00e8re en pierre aux appartements situ\u00e9s en centre-ville. Chaque \u00e9tablissement a \u00e9t\u00e9 s\u00e9lectionn\u00e9 avec soin gr\u00e2ce \u00e0 nos contacts directs avec les propri\u00e9taires. Nous tenons \u00e0 ce que vous vous sentiez comme chez vous et que vous puissiez choisir le logement qui vous convient le mieux. Landerneau est une ville historique et un important p\u00f4le touristique en Bretagne, et nous souhaitons que vous puissiez profiter pleinement de cette r\u00e9gion et de la gentillesse de ses habitants.<\/p>\n\n\n\n<p><a href=\"https:\/\/www.theelthub.com\/contact\/\">Contactez-nous<\/a> pour obtenir la liste des h\u00e9bergements.<\/p>\n\n\n\n<figure class=\"wp-block-image size-full\"><img loading=\"lazy\" decoding=\"async\" width=\"653\" height=\"292\" src=\"https:\/\/brittany.theelthub.com\/wp-content\/uploads\/sites\/3\/2025\/09\/accobrit1.jpg\" alt=\"\" class=\"wp-image-18\" srcset=\"https:\/\/brittany.theelthub.com\/wp-content\/uploads\/sites\/3\/2025\/09\/accobrit1.jpg 653w, https:\/\/brittany.theelthub.com\/wp-content\/uploads\/sites\/3\/2025\/09\/accobrit1-300x134.jpg 300w, https:\/\/brittany.theelthub.com\/wp-content\/uploads\/sites\/3\/2025\/09\/accobrit1-18x8.jpg 18w\" sizes=\"auto, (max-width: 653px) 100vw, 653px\" \/><\/figure>\n\n\n\n<p>D\u00e9tendez-vous dans le jardin d\u2019une ancienne ferme bretonne en pierre traditionnelle.<\/p>\n\n\n\n<figure class=\"wp-block-image size-full\"><img loading=\"lazy\" decoding=\"async\" width=\"653\" height=\"292\" src=\"https:\/\/brittany.theelthub.com\/wp-content\/uploads\/sites\/3\/2025\/09\/accobrit2.jpg\" alt=\"\" class=\"wp-image-19\" srcset=\"https:\/\/brittany.theelthub.com\/wp-content\/uploads\/sites\/3\/2025\/09\/accobrit2.jpg 653w, https:\/\/brittany.theelthub.com\/wp-content\/uploads\/sites\/3\/2025\/09\/accobrit2-300x134.jpg 300w, https:\/\/brittany.theelthub.com\/wp-content\/uploads\/sites\/3\/2025\/09\/accobrit2-18x8.jpg 18w\" sizes=\"auto, (max-width: 653px) 100vw, 653px\" \/><\/figure>\n\n\n\n<p>Pourquoi stresser ?<\/p>\n\n\n\n<figure class=\"wp-block-image size-full\"><img loading=\"lazy\" decoding=\"async\" width=\"653\" height=\"292\" src=\"https:\/\/brittany.theelthub.com\/wp-content\/uploads\/sites\/3\/2025\/09\/accobrit4.jpg\" alt=\"\" class=\"wp-image-20\" srcset=\"https:\/\/brittany.theelthub.com\/wp-content\/uploads\/sites\/3\/2025\/09\/accobrit4.jpg 653w, https:\/\/brittany.theelthub.com\/wp-content\/uploads\/sites\/3\/2025\/09\/accobrit4-300x134.jpg 300w, https:\/\/brittany.theelthub.com\/wp-content\/uploads\/sites\/3\/2025\/09\/accobrit4-18x8.jpg 18w\" sizes=\"auto, (max-width: 653px) 100vw, 653px\" \/><\/figure>\n\n\n\n<p>Installez-vous confortablement dans une chambre joliment d\u00e9cor\u00e9e, que ce soit dans une maison de famille, un appartement en centre-ville ou une ancienne ferme en cours de r\u00e9novation.<\/p>\n\n\n\n<figure class=\"wp-block-image size-full\"><img loading=\"lazy\" decoding=\"async\" width=\"653\" height=\"292\" src=\"https:\/\/brittany.theelthub.com\/wp-content\/uploads\/sites\/3\/2025\/09\/accobrit3.jpg\" alt=\"\" class=\"wp-image-21\" srcset=\"https:\/\/brittany.theelthub.com\/wp-content\/uploads\/sites\/3\/2025\/09\/accobrit3.jpg 653w, https:\/\/brittany.theelthub.com\/wp-content\/uploads\/sites\/3\/2025\/09\/accobrit3-300x134.jpg 300w, https:\/\/brittany.theelthub.com\/wp-content\/uploads\/sites\/3\/2025\/09\/accobrit3-18x8.jpg 18w\" sizes=\"auto, (max-width: 653px) 100vw, 653px\" \/><\/figure>\n\n\n\n<p>Prenez un bateau, montez dans le tram, faites du v\u00e9lo, marchez, courez ou faites simplement une promenade tranquille dans la magnifique Bretagne.<\/p>","protected":false},"excerpt":{"rendered":"<p>Accommodations For your stay in Brittany, we offer a wide selection of accommodations, ranging from charming stone houses to apartments in the city center. Each property has been carefully selected through our direct contact with the owners. We want you to feel at home and be able to choose the accommodation that best suits your [&hellip;]<\/p>\n","protected":false},"author":1,"featured_media":0,"parent":0,"menu_order":0,"comment_status":"closed","ping_status":"closed","template":"template-page_no_title","meta":{"footnotes":""},"class_list":["post-17","page","type-page","status-publish","hentry"],"_links":{"self":[{"href":"https:\/\/brittany.theelthub.com\/fr\/wp-json\/wp\/v2\/pages\/17","targetHints":{"allow":["GET"]}}],"collection":[{"href":"https:\/\/brittany.theelthub.com\/fr\/wp-json\/wp\/v2\/pages"}],"about":[{"href":"https:\/\/brittany.theelthub.com\/fr\/wp-json\/wp\/v2\/types\/page"}],"author":[{"embeddable":true,"href":"https:\/\/brittany.theelthub.com\/fr\/wp-json\/wp\/v2\/users\/1"}],"replies":[{"embeddable":true,"href":"https:\/\/brittany.theelthub.com\/fr\/wp-json\/wp\/v2\/comments?post=17"}],"version-history":[{"count":2,"href":"https:\/\/brittany.theelthub.com\/fr\/wp-json\/wp\/v2\/pages\/17\/revisions"}],"predecessor-version":[{"id":209,"href":"https:\/\/brittany.theelthub.com\/fr\/wp-json\/wp\/v2\/pages\/17\/revisions\/209"}],"wp:attachment":[{"href":"https:\/\/brittany.theelthub.com\/fr\/wp-json\/wp\/v2\/media?parent=17"}],"curies":[{"name":"wp","href":"https:\/\/api.w.org\/{rel}","templated":true}]}}