{"id":14,"date":"2025-09-19T16:08:58","date_gmt":"2025-09-19T14:08:58","guid":{"rendered":"https:\/\/brittany.theelthub.com\/?page_id=14"},"modified":"2025-12-29T14:25:04","modified_gmt":"2025-12-29T13:25:04","slug":"le-centre","status":"publish","type":"page","link":"https:\/\/brittany.theelthub.com\/fr\/le-centre\/","title":{"rendered":"Le Centre"},"content":{"rendered":"<div class=\"wp-block-group carousel-head-pages has-global-padding is-layout-constrained wp-container-core-group-is-layout-8dd13e6d wp-block-group-is-layout-constrained\" style=\"padding-right:var(--wp--preset--spacing--60);padding-left:var(--wp--preset--spacing--60)\">\n<div class=\"wp-block-gutsliders-photo-carousel gutslider-951d6a27 nav_outside nav_cc has__pagination\" data-swiper-options=\"{&quot;slidesPerView&quot;:1,&quot;spaceBetween&quot;:0,&quot;loop&quot;:true,&quot;autoplay&quot;:{&quot;delay&quot;:1000,&quot;pauseOnMouseEnter&quot;:true,&quot;stopOnLastSlide&quot;:false,&quot;reverseDirection&quot;:false},&quot;speed&quot;:800,&quot;effect&quot;:&quot;slide&quot;,&quot;keyboard&quot;:{&quot;enabled&quot;:false},&quot;mousewheel&quot;:false,&quot;breakpoints&quot;:{&quot;320&quot;:{&quot;slidesPerView&quot;:1,&quot;spaceBetween&quot;:0},&quot;768&quot;:{&quot;slidesPerView&quot;:2,&quot;spaceBetween&quot;:15},&quot;1025&quot;:{&quot;slidesPerView&quot;:&quot;1&quot;,&quot;spaceBetween&quot;:15}},&quot;navigation&quot;:{&quot;nextEl&quot;:&quot;.gutslider-951d6a27 .swiper-button-next&quot;,&quot;prevEl&quot;:&quot;.gutslider-951d6a27 .swiper-button-prev&quot;},&quot;pagination&quot;:{&quot;el&quot;:&quot;.gutslider-951d6a27 .swiper-pagination&quot;,&quot;type&quot;:&quot;bullets&quot;,&quot;dynamicBullets&quot;:false,&quot;clickable&quot;:true}}\"><div class=\"swiper\"><div class=\"swiper-wrapper\"><div class=\"swiper-slide\"><div class=\"swiper-container-outer none\"><img decoding=\"async\" src=\"http:\/\/brittany.theelthub.com\/wp-content\/uploads\/sites\/3\/2025\/09\/ciel8.jpg\" alt=\"Le centre de Bretagne\"\/><\/div><\/div><div class=\"swiper-slide\"><div class=\"swiper-container-outer none\"><img decoding=\"async\" src=\"http:\/\/brittany.theelthub.com\/wp-content\/uploads\/sites\/3\/2025\/09\/ciel7.jpg\" alt=\"Le centre de Bretagne\"\/><\/div><\/div><div class=\"swiper-slide\"><div class=\"swiper-container-outer none\"><img decoding=\"async\" src=\"http:\/\/brittany.theelthub.com\/wp-content\/uploads\/sites\/3\/2025\/09\/ciel6.jpg\" alt=\"Le centre de Bretagne\"\/><\/div><\/div><div class=\"swiper-slide\"><div class=\"swiper-container-outer none\"><img decoding=\"async\" src=\"http:\/\/brittany.theelthub.com\/wp-content\/uploads\/sites\/3\/2025\/09\/ciel5.jpg\" alt=\"Le centre de Bretagne\"\/><\/div><\/div><div class=\"swiper-slide\"><div class=\"swiper-container-outer none\"><img decoding=\"async\" src=\"http:\/\/brittany.theelthub.com\/wp-content\/uploads\/sites\/3\/2025\/09\/ciel4.jpg\" alt=\"Le centre de Bretagne\"\/><\/div><\/div><div class=\"swiper-slide\"><div class=\"swiper-container-outer none\"><img decoding=\"async\" src=\"http:\/\/brittany.theelthub.com\/wp-content\/uploads\/sites\/3\/2025\/09\/ciel3.jpg\" alt=\"Le centre de Bretagne\"\/><\/div><\/div><div class=\"swiper-slide\"><div class=\"swiper-container-outer none\"><img decoding=\"async\" src=\"http:\/\/brittany.theelthub.com\/wp-content\/uploads\/sites\/3\/2025\/09\/ciel2.jpg\" alt=\"Le centre de Bretagne\"\/><\/div><\/div><div class=\"swiper-slide\"><div class=\"swiper-container-outer none\"><img decoding=\"async\" src=\"http:\/\/brittany.theelthub.com\/wp-content\/uploads\/sites\/3\/2025\/09\/ciel1.jpg\" alt=\"Le centre de Bretagne\"\/><\/div><\/div><\/div><\/div><div class=\"swiper-pagination\"><\/div><div class=\"gutslider-nav nav_outside nav_cc\"><div class=\"swiper-button-prev\"><\/div><div class=\"swiper-button-next\"><\/div><\/div><\/div>\n<\/div>\n\n\n\n<h1 class=\"wp-block-heading has-text-align-center\" style=\"margin-top:var(--wp--preset--spacing--60);margin-bottom:var(--wp--preset--spacing--50)\">Centre Ker Elorn<\/h1>\n\n\n\n<p>Le centre \u00ab Ker Elorn \u00bb tire son nom de la rivi\u00e8re Elorn, qui traverse la ville de Landerneau o\u00f9 nous sommes situ\u00e9s. Le b\u00e2timent a \u00e9t\u00e9 sp\u00e9cialement am\u00e9nag\u00e9 pour les cours de langues. Chaque salle de cours est enti\u00e8rement \u00e9quip\u00e9e : projecteur, tableau blanc et abondante lumi\u00e8re naturelle. Une salle informatique est \u00e0 votre disposition, ainsi qu\u2019une cuisine et un service de photocopie gratuit.<\/p>\n\n\n\n<p>Le centre \u00ab Ker Elorn \u00bb est situ\u00e9 en plein c\u0153ur du centre historique de Landerneau. En sortant du portail qui donne sur le jardin, vous trouverez de nombreux bars et restaurants, ce qui vous permettra de d\u00e9jeuner facilement \u00e0 proximit\u00e9. Notre grand jardin vous offre un espace de d\u00e9tente id\u00e9al pour vous d\u00e9tendre et \u00e9couter le chant des oiseaux.<\/p>","protected":false},"excerpt":{"rendered":"<p>Centre Ker Elorn The centre \u2018Ker Elorn\u2019 is named after the river Elorn which runs through the town of Landerneau where we are situated. The building has been specially adapted for language classes. Each teaching room is fully equipped with projection facilities, white boards and with lots of natural lighting. There is a computer room [&hellip;]<\/p>\n","protected":false},"author":1,"featured_media":0,"parent":0,"menu_order":0,"comment_status":"closed","ping_status":"closed","template":"template-page_no_title","meta":{"footnotes":""},"class_list":["post-14","page","type-page","status-publish","hentry"],"_links":{"self":[{"href":"https:\/\/brittany.theelthub.com\/fr\/wp-json\/wp\/v2\/pages\/14","targetHints":{"allow":["GET"]}}],"collection":[{"href":"https:\/\/brittany.theelthub.com\/fr\/wp-json\/wp\/v2\/pages"}],"about":[{"href":"https:\/\/brittany.theelthub.com\/fr\/wp-json\/wp\/v2\/types\/page"}],"author":[{"embeddable":true,"href":"https:\/\/brittany.theelthub.com\/fr\/wp-json\/wp\/v2\/users\/1"}],"replies":[{"embeddable":true,"href":"https:\/\/brittany.theelthub.com\/fr\/wp-json\/wp\/v2\/comments?post=14"}],"version-history":[{"count":4,"href":"https:\/\/brittany.theelthub.com\/fr\/wp-json\/wp\/v2\/pages\/14\/revisions"}],"predecessor-version":[{"id":212,"href":"https:\/\/brittany.theelthub.com\/fr\/wp-json\/wp\/v2\/pages\/14\/revisions\/212"}],"wp:attachment":[{"href":"https:\/\/brittany.theelthub.com\/fr\/wp-json\/wp\/v2\/media?parent=14"}],"curies":[{"name":"wp","href":"https:\/\/api.w.org\/{rel}","templated":true}]}}